{"id":1317,"date":"2023-03-16T02:23:21","date_gmt":"2023-03-16T01:23:21","guid":{"rendered":"https:\/\/www.bvpsuedtirol.com\/?page_id=1317"},"modified":"2023-03-16T20:42:07","modified_gmt":"2023-03-16T19:42:07","slug":"scuola-bv","status":"publish","type":"page","link":"https:\/\/www.bvpsuedtirol.com\/de\/scuola-bv\/","title":{"rendered":"Scuola Beach Volley"},"content":{"rendered":"<div data-elementor-type=\"wp-page\" data-elementor-id=\"1317\" class=\"elementor elementor-1317\" data-elementor-post-type=\"page\">\n\t\t\t\t\t\t<section class=\"elementor-section elementor-top-section elementor-element elementor-element-3e6d775 elementor-section-full_width elementor-section-height-full elementor-section-stretched elementor-section-height-default elementor-section-items-middle\" data-id=\"3e6d775\" data-element_type=\"section\" data-e-type=\"section\" data-settings=\"{&quot;background_background&quot;:&quot;classic&quot;,&quot;stretch_section&quot;:&quot;section-stretched&quot;}\">\n\t\t\t\t\t\t\t<div class=\"elementor-background-overlay\"><\/div>\n\t\t\t\t\t\t\t<div class=\"elementor-container elementor-column-gap-default\">\n\t\t\t\t\t<div class=\"elementor-column elementor-col-100 elementor-top-column elementor-element elementor-element-88e459c\" data-id=\"88e459c\" data-element_type=\"column\" data-e-type=\"column\" data-settings=\"{&quot;background_background&quot;:&quot;classic&quot;}\">\n\t\t\t<div class=\"elementor-widget-wrap elementor-element-populated\">\n\t\t\t\t\t\t<div class=\"elementor-element elementor-element-389bd77 elementor-absolute elementor-widget elementor-widget-image\" data-id=\"389bd77\" data-element_type=\"widget\" data-e-type=\"widget\" data-settings=\"{&quot;_position&quot;:&quot;absolute&quot;}\" data-widget_type=\"image.default\">\n\t\t\t\t<div class=\"elementor-widget-container\">\n\t\t\t\t\t\t\t\t\t\t\t\t\t\t\t<img fetchpriority=\"high\" decoding=\"async\" width=\"272\" height=\"300\" src=\"https:\/\/www.bvpsuedtirol.com\/wp-content\/uploads\/2023\/01\/BVP_LOGO_BV-272x300.png\" class=\"attachment-medium size-medium wp-image-1017\" alt=\"\" srcset=\"https:\/\/www.bvpsuedtirol.com\/wp-content\/uploads\/2023\/01\/BVP_LOGO_BV-272x300.png 272w, https:\/\/www.bvpsuedtirol.com\/wp-content\/uploads\/2023\/01\/BVP_LOGO_BV-230x253.png 230w, https:\/\/www.bvpsuedtirol.com\/wp-content\/uploads\/2023\/01\/BVP_LOGO_BV-350x386.png 350w, https:\/\/www.bvpsuedtirol.com\/wp-content\/uploads\/2023\/01\/BVP_LOGO_BV-480x529.png 480w, https:\/\/www.bvpsuedtirol.com\/wp-content\/uploads\/2023\/01\/BVP_LOGO_BV.png 600w\" sizes=\"(max-width: 272px) 100vw, 272px\" \/>\t\t\t\t\t\t\t\t\t\t\t\t\t\t\t<\/div>\n\t\t\t\t<\/div>\n\t\t\t\t<div class=\"elementor-element elementor-element-9155744 elementor-widget elementor-widget-heading\" data-id=\"9155744\" data-element_type=\"widget\" data-e-type=\"widget\" data-widget_type=\"heading.default\">\n\t\t\t\t<div class=\"elementor-widget-container\">\n\t\t\t\t\t<h2 class=\"elementor-heading-title elementor-size-default\">scuola Beach volley<\/h2>\t\t\t\t<\/div>\n\t\t\t\t<\/div>\n\t\t\t\t\t<\/div>\n\t\t<\/div>\n\t\t\t\t\t<\/div>\n\t\t<\/section>\n\t\t\t\t<section class=\"elementor-section elementor-top-section elementor-element elementor-element-580a259 elementor-section-boxed elementor-section-height-default elementor-section-height-default\" data-id=\"580a259\" data-element_type=\"section\" data-e-type=\"section\">\n\t\t\t\t\t\t<div class=\"elementor-container elementor-column-gap-default\">\n\t\t\t\t\t<div class=\"elementor-column elementor-col-100 elementor-top-column elementor-element elementor-element-297ef1a\" data-id=\"297ef1a\" data-element_type=\"column\" data-e-type=\"column\">\n\t\t\t<div class=\"elementor-widget-wrap elementor-element-populated\">\n\t\t\t\t\t\t<div class=\"elementor-element elementor-element-38b2790 elementor-widget elementor-widget-text-editor\" data-id=\"38b2790\" data-element_type=\"widget\" data-e-type=\"widget\" data-widget_type=\"text-editor.default\">\n\t\t\t\t<div class=\"elementor-widget-container\">\n\t\t\t\t\t\t\t\t\t<h3>DIE SCHULE<\/h3><div>ASVBVP S\u00fcdtirol hat sich zum Ziel gesetzt, alle Mitglieder in der Aus\u00fcbung des Beach-Volleyballsports auf allen Ebenen, vom Amateur- bis zum Wettkampfsport, technisch auszubilden.<\/div><div>\u00a0<\/div><div>Das Sportprojekt der BVP ist sehr ehrgeizig, denn sie m\u00f6chte, ausgehend von den Jugendlichen, Sportler aufbauen, die in der Lage sind, an den wichtigsten Wettk\u00e4mpfen auf regionaler, nationaler und, warum nicht, auch internationaler Ebene teilzunehmen.<\/div><div class=\"translation-block\">Unsere Schule basiert auf 3 grundlegenden Konzepten: Unterrichtstechnik, Sportkultur und Spa\u00df am Sport.<\/div><div>\u00a0<\/div><div>Die angemeldeten Athleten werden w\u00e4hrend der gesamten Saison von unserem technischen Personal betreut und nach bestem Wissen und Gewissen vorbereitet und wie in einem Verein gef\u00fchrt. Die BVP-Schule richtet sich daher sowohl an Beach-Volleyball-Neulinge, die mit dem Spiel beginnen wollen, als auch an Experten und langj\u00e4hrige Enthusiasten, die ihre Spieltechnik verbessern wollen.<\/div><div>Gesundes Beach Volley f\u00fcr alle, jeden Tag, das ganze Jahr \u00fcber, zu jeder Zeit.<\/div><div>\u00a0<\/div><h3>Modalit\u00e4ten der Beteiligung<\/h3><div>Die Beachvolleyballkurse sind f\u00fcr Kinder, Jugendliche und Erwachsene jeden Alters und jeder Spielst\u00e4rke offen. Die eineinhalbst\u00fcndigen Trainingseinheiten finden von Montag bis Freitag zu folgenden Zeiten und Modalit\u00e4ten statt:<\/div><ul><li>BVP ALL INCLUSIVE: Mai bis September (02\/05\/2023 - 30\/09\/2023)\u00a0<\/li><li>BVP SUMMER: Juni bis August (01\/06\/2023 - 15\/08\/2023)\u00a0<\/li><li>BVP Plus: 8 Intensivwochen (02\/05\/2023 - 30\/06\/2023)<\/li><li>BVP Kurz: 4 Intensivwochen (01\/07\/2023 - 31\/07\/2023)<\/li><\/ul><div><strong>Mehr als eine Trainingseinheit pro Woche ist m\u00f6glich.<\/strong><\/div><div>\u00a0<\/div><div>Die Kurse sind nach Geschlecht, Alter und Level zusammengestellt und in vier Kategorien unterteilt:<\/div><ul><li>Basic: f\u00fcr diejenigen, die die Grundlagen des Beach-Volleyballs noch nicht kennen;<\/li><li>Mittelstufe: f\u00fcr diejenigen, die ein gutes technisches Niveau haben und im Spiel vorankommen wollen;<\/li><li>Fortgeschrittene: f\u00fcr erfahrene Sportler, die ihre Technik und Spielstrategie verfeinern m\u00f6chten;<\/li><li>Under: (auch gemischt), f\u00fcr Sch\u00fcler der Mittel- und Oberstufe.<\/li><\/ul><div>\u00a0<\/div><h3><span style=\"color: var(--sydney-headings-color);\">Modalit\u00e4ten der Einschreibung<\/span><\/h3><div>F\u00fcr die Teilnahme an den Kursen ist ein \u00e4rztliches Attest obligatorisch, die Mitgliedschaft im BVP ist erforderlich und eine Kopie des Zahlungsbelegs muss vor Beginn des Kurses eingesandt werden.<\/div><div class=\"translation-block\">Die Einzahlung von Euro <strong>50,00<\/strong> des Beachvolleyball-Mitgliedsbeitrages garantiert die Teilnahme am Kurs und kann per BANK\u00dcBERWEISUNG auf das Girokonto im Namen des ASD BeachVolley&amp;Padel S\u00fcdtirol unter folgender Bankverbindung erfolgen:<\/div><div>IBAN: IT 09 W 08133 58593 000304021509<\/div><div>SWIFT-BIC: RZSBIT21019<\/div><div>im Verwendungszweck \"Vor- und Nachname + Beach-Volleyball-Mitgliedsbeitrag\" angeben.<\/div><div>\u00a0<\/div><div><p class=\"translation-block\">F\u00fcllen Sie das <a href=\"https:\/\/www.bvpsuedtirol.com\/de\/affiliazione-bv\/\" target=\"_self\">ONLINE FORMULAR<\/a> zur Anmeldung und Kursauswahl aus.<\/p><\/div><h3>weitere infos<\/h3><div><a href=\"mailto:beachvolley@bvpsuedtirol.com\">beachvolley@bvpsuedtirol.com<\/a><\/div><div>+ 39 335 7885274 (Alessandro) <a href=\"mailto:a.scavizzi@bvpsuedtirol.com\">a.scavizzi@bvpsuedtirol.com<\/a><\/div><div>+ 39 349 4489038 (Tanja) <a href=\"mailto:t.hofer@bvpsuedtirol.com\">t.hofer@bvpsuedtirol.com<\/a><\/div>\t\t\t\t\t\t\t\t<\/div>\n\t\t\t\t<\/div>\n\t\t\t\t\t<\/div>\n\t\t<\/div>\n\t\t\t\t\t<\/div>\n\t\t<\/section>\n\t\t\t\t<section class=\"elementor-section elementor-top-section elementor-element elementor-element-d26f3d4 elementor-section-content-middle elementor-section-boxed elementor-section-height-default elementor-section-height-default\" data-id=\"d26f3d4\" data-element_type=\"section\" data-e-type=\"section\" data-settings=\"{&quot;background_background&quot;:&quot;classic&quot;}\">\n\t\t\t\t\t\t\t<div class=\"elementor-background-overlay\"><\/div>\n\t\t\t\t\t\t\t<div class=\"elementor-container elementor-column-gap-default\">\n\t\t\t\t\t<div class=\"elementor-column elementor-col-50 elementor-top-column elementor-element elementor-element-f60fcb4\" data-id=\"f60fcb4\" data-element_type=\"column\" data-e-type=\"column\">\n\t\t\t<div class=\"elementor-widget-wrap elementor-element-populated\">\n\t\t\t\t\t\t<div class=\"elementor-element elementor-element-621b6d4 elementor-headline--style-highlight elementor-widget elementor-widget-animated-headline\" data-id=\"621b6d4\" data-element_type=\"widget\" data-e-type=\"widget\" data-settings=\"{&quot;marker&quot;:&quot;underline&quot;,&quot;highlighted_text&quot;:&quot;finalmente a merano&quot;,&quot;headline_style&quot;:&quot;highlight&quot;,&quot;loop&quot;:&quot;yes&quot;,&quot;highlight_animation_duration&quot;:1200,&quot;highlight_iteration_delay&quot;:8000}\" data-widget_type=\"animated-headline.default\">\n\t\t\t\t<div class=\"elementor-widget-container\">\n\t\t\t\t\t\t\t<h3 class=\"elementor-headline\">\n\t\t\t\t\t<span class=\"elementor-headline-plain-text elementor-headline-text-wrapper\">BEACH VOLLEY<\/span>\n\t\t\t\t<span class=\"elementor-headline-dynamic-wrapper elementor-headline-text-wrapper\">\n\t\t\t\t\t<span class=\"elementor-headline-dynamic-text elementor-headline-text-active\">endlich in Meran<\/span>\n\t\t\t\t<\/span>\n\t\t\t\t<\/h3>\n\t\t\t\t\t\t<\/div>\n\t\t\t\t<\/div>\n\t\t\t\t\t<\/div>\n\t\t<\/div>\n\t\t\t\t<div class=\"elementor-column elementor-col-50 elementor-top-column elementor-element elementor-element-4eb3e77\" data-id=\"4eb3e77\" data-element_type=\"column\" data-e-type=\"column\">\n\t\t\t<div class=\"elementor-widget-wrap elementor-element-populated\">\n\t\t\t\t\t\t<div class=\"elementor-element elementor-element-f048446 elementor-align-right elementor-mobile-align-center elementor-widget elementor-widget-button\" data-id=\"f048446\" data-element_type=\"widget\" data-e-type=\"widget\" data-widget_type=\"button.default\">\n\t\t\t\t<div class=\"elementor-widget-container\">\n\t\t\t\t\t\t\t\t\t<div class=\"elementor-button-wrapper\">\n\t\t\t\t\t<a class=\"elementor-button elementor-button-link elementor-size-sm\" href=\"https:\/\/www.bvpsuedtirol.com\/de\/affiliazione-bv\/\">\n\t\t\t\t\t\t<span class=\"elementor-button-content-wrapper\">\n\t\t\t\t\t\t\t\t\t<span class=\"elementor-button-text\">Anmelden<\/span>\n\t\t\t\t\t<\/span>\n\t\t\t\t\t<\/a>\n\t\t\t\t<\/div>\n\t\t\t\t\t\t\t\t<\/div>\n\t\t\t\t<\/div>\n\t\t\t\t\t<\/div>\n\t\t<\/div>\n\t\t\t\t\t<\/div>\n\t\t<\/section>\n\t\t\t\t<\/div>","protected":false},"excerpt":{"rendered":"<p>scuola Beach volley La scuola L\u2019ASD BVP S\u00fcdtirol ha l\u2019obiettivo di formare tecnicamente, tutti i nostri tesserati, nella pratica del Beach Volley [&hellip;]<\/p>\n","protected":false},"author":1,"featured_media":0,"parent":0,"menu_order":0,"comment_status":"closed","ping_status":"closed","template":"page-templates\/page_front-page.php","meta":{"footnotes":""},"class_list":["post-1317","page","type-page","status-publish","hentry"],"_links":{"self":[{"href":"https:\/\/www.bvpsuedtirol.com\/de\/wp-json\/wp\/v2\/pages\/1317","targetHints":{"allow":["GET"]}}],"collection":[{"href":"https:\/\/www.bvpsuedtirol.com\/de\/wp-json\/wp\/v2\/pages"}],"about":[{"href":"https:\/\/www.bvpsuedtirol.com\/de\/wp-json\/wp\/v2\/types\/page"}],"author":[{"embeddable":true,"href":"https:\/\/www.bvpsuedtirol.com\/de\/wp-json\/wp\/v2\/users\/1"}],"replies":[{"embeddable":true,"href":"https:\/\/www.bvpsuedtirol.com\/de\/wp-json\/wp\/v2\/comments?post=1317"}],"version-history":[{"count":32,"href":"https:\/\/www.bvpsuedtirol.com\/de\/wp-json\/wp\/v2\/pages\/1317\/revisions"}],"predecessor-version":[{"id":1542,"href":"https:\/\/www.bvpsuedtirol.com\/de\/wp-json\/wp\/v2\/pages\/1317\/revisions\/1542"}],"wp:attachment":[{"href":"https:\/\/www.bvpsuedtirol.com\/de\/wp-json\/wp\/v2\/media?parent=1317"}],"curies":[{"name":"wp","href":"https:\/\/api.w.org\/{rel}","templated":true}]}}