{"id":827,"date":"2023-01-06T11:27:13","date_gmt":"2023-01-06T10:27:13","guid":{"rendered":"https:\/\/www.bvpsuedtirol.com\/?page_id=827"},"modified":"2023-10-09T20:40:46","modified_gmt":"2023-10-09T18:40:46","slug":"padel","status":"publish","type":"page","link":"https:\/\/www.bvpsuedtirol.com\/de\/padel\/","title":{"rendered":"Padel"},"content":{"rendered":"<div data-elementor-type=\"wp-page\" data-elementor-id=\"827\" class=\"elementor elementor-827\" data-elementor-post-type=\"page\">\n\t\t\t\t\t\t<section class=\"elementor-section elementor-top-section elementor-element elementor-element-70f0333 elementor-section-full_width elementor-section-height-full elementor-section-stretched elementor-section-height-default elementor-section-items-middle\" data-id=\"70f0333\" data-element_type=\"section\" data-e-type=\"section\" data-settings=\"{&quot;background_background&quot;:&quot;classic&quot;,&quot;stretch_section&quot;:&quot;section-stretched&quot;}\">\n\t\t\t\t\t\t\t<div class=\"elementor-background-overlay\"><\/div>\n\t\t\t\t\t\t\t<div class=\"elementor-container elementor-column-gap-default\">\n\t\t\t\t\t<div class=\"elementor-column elementor-col-100 elementor-top-column elementor-element elementor-element-5040beb\" data-id=\"5040beb\" data-element_type=\"column\" data-e-type=\"column\" data-settings=\"{&quot;background_background&quot;:&quot;classic&quot;}\">\n\t\t\t<div class=\"elementor-widget-wrap elementor-element-populated\">\n\t\t\t\t\t\t<div class=\"elementor-element elementor-element-61fa20b elementor-absolute elementor-hidden-mobile elementor-widget elementor-widget-image\" data-id=\"61fa20b\" data-element_type=\"widget\" data-e-type=\"widget\" data-settings=\"{&quot;_position&quot;:&quot;absolute&quot;}\" data-widget_type=\"image.default\">\n\t\t\t\t<div class=\"elementor-widget-container\">\n\t\t\t\t\t\t\t\t\t\t\t\t\t\t\t<img fetchpriority=\"high\" decoding=\"async\" width=\"272\" height=\"300\" src=\"https:\/\/www.bvpsuedtirol.com\/wp-content\/uploads\/2023\/01\/Eagle_green-272x300.png\" class=\"attachment-medium size-medium wp-image-963\" alt=\"\" srcset=\"https:\/\/www.bvpsuedtirol.com\/wp-content\/uploads\/2023\/01\/Eagle_green-272x300.png 272w, https:\/\/www.bvpsuedtirol.com\/wp-content\/uploads\/2023\/01\/Eagle_green-230x253.png 230w, https:\/\/www.bvpsuedtirol.com\/wp-content\/uploads\/2023\/01\/Eagle_green-350x386.png 350w, https:\/\/www.bvpsuedtirol.com\/wp-content\/uploads\/2023\/01\/Eagle_green-480x529.png 480w, https:\/\/www.bvpsuedtirol.com\/wp-content\/uploads\/2023\/01\/Eagle_green.png 600w\" sizes=\"(max-width: 272px) 100vw, 272px\" \/>\t\t\t\t\t\t\t\t\t\t\t\t\t\t\t<\/div>\n\t\t\t\t<\/div>\n\t\t\t\t<div class=\"elementor-element elementor-element-e5a712f elementor-widget elementor-widget-heading\" data-id=\"e5a712f\" data-element_type=\"widget\" data-e-type=\"widget\" data-widget_type=\"heading.default\">\n\t\t\t\t<div class=\"elementor-widget-container\">\n\t\t\t\t\t<h2 class=\"elementor-heading-title elementor-size-default\">padel<\/h2>\t\t\t\t<\/div>\n\t\t\t\t<\/div>\n\t\t\t\t\t<\/div>\n\t\t<\/div>\n\t\t\t\t\t<\/div>\n\t\t<\/section>\n\t\t\t\t<section class=\"elementor-section elementor-top-section elementor-element elementor-element-08665ac elementor-section-boxed elementor-section-height-default elementor-section-height-default\" data-id=\"08665ac\" data-element_type=\"section\" data-e-type=\"section\">\n\t\t\t\t\t\t<div class=\"elementor-container elementor-column-gap-default\">\n\t\t\t\t\t<div class=\"elementor-column elementor-col-100 elementor-top-column elementor-element elementor-element-ec59c41\" data-id=\"ec59c41\" data-element_type=\"column\" data-e-type=\"column\">\n\t\t\t<div class=\"elementor-widget-wrap elementor-element-populated\">\n\t\t\t\t\t\t<div class=\"elementor-element elementor-element-43e97be elementor-widget elementor-widget-heading\" data-id=\"43e97be\" data-element_type=\"widget\" data-e-type=\"widget\" data-widget_type=\"heading.default\">\n\t\t\t\t<div class=\"elementor-widget-container\">\n\t\t\t\t\t<h2 class=\"elementor-heading-title elementor-size-default\">padel<\/h2>\t\t\t\t<\/div>\n\t\t\t\t<\/div>\n\t\t\t\t<div class=\"elementor-element elementor-element-efa551b elementor-widget elementor-widget-text-editor\" data-id=\"efa551b\" data-element_type=\"widget\" data-e-type=\"widget\" data-widget_type=\"text-editor.default\">\n\t\t\t\t<div class=\"elementor-widget-container\">\n\t\t\t\t\t\t\t\t\t<p style=\"font-weight: 400;\" class=\"translation-block\">Padel ist die Sportart mit dem h\u00f6chsten Mitgliederzuwachs in den letzten 20 Jahren und ist ein schnelles Spiel, dessen Regeln leicht zu erlernen sind. Padel ist eine Mischung aus Tennis und Squash, aber mit 4 Spielern auf dem Platz, 2 pro Team, was es sofort zu einem Gemeinschaftsspiel macht, das wie kein anderes Spa\u00df macht.<\/p>\t\t\t\t\t\t\t\t<\/div>\n\t\t\t\t<\/div>\n\t\t\t\t<section class=\"elementor-section elementor-inner-section elementor-element elementor-element-526b017 elementor-section-boxed elementor-section-height-default elementor-section-height-default\" data-id=\"526b017\" data-element_type=\"section\" data-e-type=\"section\">\n\t\t\t\t\t\t<div class=\"elementor-container elementor-column-gap-default\">\n\t\t\t\t\t<div class=\"elementor-column elementor-col-50 elementor-inner-column elementor-element elementor-element-eb975c3\" data-id=\"eb975c3\" data-element_type=\"column\" data-e-type=\"column\">\n\t\t\t<div class=\"elementor-widget-wrap elementor-element-populated\">\n\t\t\t\t\t\t<div class=\"elementor-element elementor-element-9cf0c94 elementor-widget elementor-widget-image\" data-id=\"9cf0c94\" data-element_type=\"widget\" data-e-type=\"widget\" data-widget_type=\"image.default\">\n\t\t\t\t<div class=\"elementor-widget-container\">\n\t\t\t\t\t\t\t\t\t\t\t\t\t\t\t<img decoding=\"async\" src=\"https:\/\/www.bvpsuedtirol.com\/wp-content\/uploads\/elementor\/thumbs\/logo_150-qdm8ukcf3zplztbsik43zkd6aae0eb7kx9k7ky0ikg.png\" title=\"logo_150\" alt=\"logo_150\" loading=\"lazy\" \/>\t\t\t\t\t\t\t\t\t\t\t\t\t\t\t<\/div>\n\t\t\t\t<\/div>\n\t\t\t\t\t<\/div>\n\t\t<\/div>\n\t\t\t\t<div class=\"elementor-column elementor-col-50 elementor-inner-column elementor-element elementor-element-d5e6c24\" data-id=\"d5e6c24\" data-element_type=\"column\" data-e-type=\"column\">\n\t\t\t<div class=\"elementor-widget-wrap elementor-element-populated\">\n\t\t\t\t\t\t<div class=\"elementor-element elementor-element-128b355 elementor-widget elementor-widget-image\" data-id=\"128b355\" data-element_type=\"widget\" data-e-type=\"widget\" data-widget_type=\"image.default\">\n\t\t\t\t<div class=\"elementor-widget-container\">\n\t\t\t\t\t\t\t\t\t\t\t\t\t\t\t<img decoding=\"async\" src=\"https:\/\/www.bvpsuedtirol.com\/wp-content\/uploads\/elementor\/thumbs\/FITP-qdm8nmbcm27c7jez2k1ckbgk9smditmzaw11xcb8jk.png\" title=\"FITP\" alt=\"FITP\" loading=\"lazy\" \/>\t\t\t\t\t\t\t\t\t\t\t\t\t\t\t<\/div>\n\t\t\t\t<\/div>\n\t\t\t\t\t<\/div>\n\t\t<\/div>\n\t\t\t\t\t<\/div>\n\t\t<\/section>\n\t\t\t\t\t<\/div>\n\t\t<\/div>\n\t\t\t\t\t<\/div>\n\t\t<\/section>\n\t\t\t\t<section class=\"elementor-section elementor-top-section elementor-element elementor-element-6de1c95 elementor-section-boxed elementor-section-height-default elementor-section-height-default\" data-id=\"6de1c95\" data-element_type=\"section\" data-e-type=\"section\">\n\t\t\t\t\t\t<div class=\"elementor-container elementor-column-gap-default\">\n\t\t\t\t\t<div class=\"elementor-column elementor-col-33 elementor-top-column elementor-element elementor-element-0121e7b\" data-id=\"0121e7b\" data-element_type=\"column\" data-e-type=\"column\">\n\t\t\t<div class=\"elementor-widget-wrap elementor-element-populated\">\n\t\t\t\t\t\t<div class=\"elementor-element elementor-element-c05ad53 elementor-widget elementor-widget-image\" data-id=\"c05ad53\" data-element_type=\"widget\" data-e-type=\"widget\" data-widget_type=\"image.default\">\n\t\t\t\t<div class=\"elementor-widget-container\">\n\t\t\t\t\t\t\t\t\t\t\t\t\t\t\t\t<a href=\"https:\/\/www.bvpsuedtirol.com\/de\/scuola-padel\/\">\n\t\t\t\t\t\t\t<img decoding=\"async\" src=\"https:\/\/www.bvpsuedtirol.com\/wp-content\/uploads\/elementor\/thumbs\/Padel_Scuola-qdmbwsv4w0d5rwf2xbvm9x1jjxc75o45eogh94pooc.jpg\" title=\"Padel_Scuola\" alt=\"Padel_Scuola\" loading=\"lazy\" \/>\t\t\t\t\t\t\t\t<\/a>\n\t\t\t\t\t\t\t\t\t\t\t\t\t\t\t<\/div>\n\t\t\t\t<\/div>\n\t\t\t\t<div class=\"elementor-element elementor-element-cfcee57 elementor-widget elementor-widget-text-editor\" data-id=\"cfcee57\" data-element_type=\"widget\" data-e-type=\"widget\" data-widget_type=\"text-editor.default\">\n\t\t\t\t<div class=\"elementor-widget-container\">\n\t\t\t\t\t\t\t\t\t<p>DIE SCHULE<\/p>\t\t\t\t\t\t\t\t<\/div>\n\t\t\t\t<\/div>\n\t\t\t\t\t<\/div>\n\t\t<\/div>\n\t\t\t\t<div class=\"elementor-column elementor-col-33 elementor-top-column elementor-element elementor-element-4da6150\" data-id=\"4da6150\" data-element_type=\"column\" data-e-type=\"column\">\n\t\t\t<div class=\"elementor-widget-wrap elementor-element-populated\">\n\t\t\t\t\t\t<div class=\"elementor-element elementor-element-87fdae3 elementor-widget elementor-widget-image\" data-id=\"87fdae3\" data-element_type=\"widget\" data-e-type=\"widget\" data-widget_type=\"image.default\">\n\t\t\t\t<div class=\"elementor-widget-container\">\n\t\t\t\t\t\t\t\t\t\t\t\t\t\t\t<img decoding=\"async\" src=\"https:\/\/www.bvpsuedtirol.com\/wp-content\/uploads\/elementor\/thumbs\/PADEL_Squadra-qdmc9a5zmtg7xiag1q3adrnvi3tncznuggakne7i24.jpg\" title=\"PADEL_Squadra\" alt=\"PADEL_Squadra\" loading=\"lazy\" \/>\t\t\t\t\t\t\t\t\t\t\t\t\t\t\t<\/div>\n\t\t\t\t<\/div>\n\t\t\t\t<div class=\"elementor-element elementor-element-ae9fe7f elementor-widget elementor-widget-text-editor\" data-id=\"ae9fe7f\" data-element_type=\"widget\" data-e-type=\"widget\" data-widget_type=\"text-editor.default\">\n\t\t\t\t<div class=\"elementor-widget-container\">\n\t\t\t\t\t\t\t\t\t<p>TURNIERE<\/p>\t\t\t\t\t\t\t\t<\/div>\n\t\t\t\t<\/div>\n\t\t\t\t\t<\/div>\n\t\t<\/div>\n\t\t\t\t<div class=\"elementor-column elementor-col-33 elementor-top-column elementor-element elementor-element-aa9b084\" data-id=\"aa9b084\" data-element_type=\"column\" data-e-type=\"column\">\n\t\t\t<div class=\"elementor-widget-wrap elementor-element-populated\">\n\t\t\t\t\t\t<div class=\"elementor-element elementor-element-0b3b3e6 elementor-widget elementor-widget-image\" data-id=\"0b3b3e6\" data-element_type=\"widget\" data-e-type=\"widget\" data-widget_type=\"image.default\">\n\t\t\t\t<div class=\"elementor-widget-container\">\n\t\t\t\t\t\t\t\t\t\t\t\t\t\t\t<img decoding=\"async\" src=\"https:\/\/www.bvpsuedtirol.com\/wp-content\/uploads\/elementor\/thumbs\/Padel_Merch-qdmbrh425t2nzg5m10zq59fidblbjeywobdfcolzxo.jpg\" title=\"Padel_Merch\" alt=\"Padel_Merch\" loading=\"lazy\" \/>\t\t\t\t\t\t\t\t\t\t\t\t\t\t\t<\/div>\n\t\t\t\t<\/div>\n\t\t\t\t<div class=\"elementor-element elementor-element-1c7ccca elementor-widget elementor-widget-text-editor\" data-id=\"1c7ccca\" data-element_type=\"widget\" data-e-type=\"widget\" data-widget_type=\"text-editor.default\">\n\t\t\t\t<div class=\"elementor-widget-container\">\n\t\t\t\t\t\t\t\t\t<p>MERCHANDISING<\/p>\t\t\t\t\t\t\t\t<\/div>\n\t\t\t\t<\/div>\n\t\t\t\t\t<\/div>\n\t\t<\/div>\n\t\t\t\t\t<\/div>\n\t\t<\/section>\n\t\t\t\t<section class=\"elementor-section elementor-top-section elementor-element elementor-element-850ebd2 elementor-section-boxed elementor-section-height-default elementor-section-height-default\" data-id=\"850ebd2\" data-element_type=\"section\" data-e-type=\"section\">\n\t\t\t\t\t\t<div class=\"elementor-container elementor-column-gap-default\">\n\t\t\t\t\t<div class=\"elementor-column elementor-col-33 elementor-top-column elementor-element elementor-element-c1cea2a\" data-id=\"c1cea2a\" data-element_type=\"column\" data-e-type=\"column\">\n\t\t\t<div class=\"elementor-widget-wrap elementor-element-populated\">\n\t\t\t\t\t\t<div class=\"elementor-element elementor-element-0d2a24d elementor-widget elementor-widget-image\" data-id=\"0d2a24d\" data-element_type=\"widget\" data-e-type=\"widget\" data-widget_type=\"image.default\">\n\t\t\t\t<div class=\"elementor-widget-container\">\n\t\t\t\t\t\t\t\t\t\t\t\t\t\t\t\t<a href=\"https:\/\/www.bvpsuedtirol.com\/de\/affiliazione_padel\/\">\n\t\t\t\t\t\t\t<img decoding=\"async\" src=\"https:\/\/www.bvpsuedtirol.com\/wp-content\/uploads\/elementor\/thumbs\/Foto_Affilizaione-q3kq8cl39ge4010gnn87dozop6revrvujllip4nhnw.jpg\" title=\"BVP_LOGO\" alt=\"BVP_LOGO\" loading=\"lazy\" \/>\t\t\t\t\t\t\t\t<\/a>\n\t\t\t\t\t\t\t\t\t\t\t\t\t\t\t<\/div>\n\t\t\t\t<\/div>\n\t\t\t\t<div class=\"elementor-element elementor-element-5a09de5 elementor-widget elementor-widget-text-editor\" data-id=\"5a09de5\" data-element_type=\"widget\" data-e-type=\"widget\" data-widget_type=\"text-editor.default\">\n\t\t\t\t<div class=\"elementor-widget-container\">\n\t\t\t\t\t\t\t\t\t<p>Mitgliedschaft<\/p>\t\t\t\t\t\t\t\t<\/div>\n\t\t\t\t<\/div>\n\t\t\t\t\t<\/div>\n\t\t<\/div>\n\t\t\t\t<div class=\"elementor-column elementor-col-33 elementor-top-column elementor-element elementor-element-4c2fda9\" data-id=\"4c2fda9\" data-element_type=\"column\" data-e-type=\"column\">\n\t\t\t<div class=\"elementor-widget-wrap elementor-element-populated\">\n\t\t\t\t\t\t<div class=\"elementor-element elementor-element-b8f179b elementor-widget elementor-widget-image\" data-id=\"b8f179b\" data-element_type=\"widget\" data-e-type=\"widget\" data-widget_type=\"image.default\">\n\t\t\t\t<div class=\"elementor-widget-container\">\n\t\t\t\t\t\t\t\t\t\t\t\t\t\t\t<img decoding=\"async\" src=\"https:\/\/www.bvpsuedtirol.com\/wp-content\/uploads\/elementor\/thumbs\/padel_squadra2-qdmcoy55jew9fjj8khvfxtcfxalvnduslzpwlezacs.jpg\" title=\"padel_squadra2\" alt=\"padel_squadra2\" loading=\"lazy\" \/>\t\t\t\t\t\t\t\t\t\t\t\t\t\t\t<\/div>\n\t\t\t\t<\/div>\n\t\t\t\t<div class=\"elementor-element elementor-element-3ad42ff elementor-widget elementor-widget-text-editor\" data-id=\"3ad42ff\" data-element_type=\"widget\" data-e-type=\"widget\" data-widget_type=\"text-editor.default\">\n\t\t\t\t<div class=\"elementor-widget-container\">\n\t\t\t\t\t\t\t\t\t<p>LA SQUADRA<\/p>\t\t\t\t\t\t\t\t<\/div>\n\t\t\t\t<\/div>\n\t\t\t\t\t<\/div>\n\t\t<\/div>\n\t\t\t\t<div class=\"elementor-column elementor-col-33 elementor-top-column elementor-element elementor-element-a2ed1bb\" data-id=\"a2ed1bb\" data-element_type=\"column\" data-e-type=\"column\">\n\t\t\t<div class=\"elementor-widget-wrap\">\n\t\t\t\t\t\t\t<\/div>\n\t\t<\/div>\n\t\t\t\t\t<\/div>\n\t\t<\/section>\n\t\t\t\t<section class=\"elementor-section elementor-top-section elementor-element elementor-element-3c42371 elementor-section-boxed elementor-section-height-default elementor-section-height-default\" data-id=\"3c42371\" data-element_type=\"section\" data-e-type=\"section\" data-settings=\"{&quot;background_background&quot;:&quot;classic&quot;}\">\n\t\t\t\t\t\t<div class=\"elementor-container elementor-column-gap-default\">\n\t\t\t\t\t<div class=\"elementor-column elementor-col-100 elementor-top-column elementor-element elementor-element-701b308\" data-id=\"701b308\" data-element_type=\"column\" data-e-type=\"column\">\n\t\t\t<div class=\"elementor-widget-wrap elementor-element-populated\">\n\t\t\t\t\t\t<div class=\"elementor-element elementor-element-ae1120a elementor-widget elementor-widget-heading\" data-id=\"ae1120a\" data-element_type=\"widget\" data-e-type=\"widget\" data-widget_type=\"heading.default\">\n\t\t\t\t<div class=\"elementor-widget-container\">\n\t\t\t\t\t<h3 class=\"elementor-heading-title elementor-size-default\">5 Gr\u00fcnde f\u00fcr Padel<\/h3>\t\t\t\t<\/div>\n\t\t\t\t<\/div>\n\t\t\t\t<div class=\"elementor-element elementor-element-219cfac elementor-widget elementor-widget-text-editor\" data-id=\"219cfac\" data-element_type=\"widget\" data-e-type=\"widget\" data-widget_type=\"text-editor.default\">\n\t\t\t\t<div class=\"elementor-widget-container\">\n\t\t\t\t\t\t\t\t\t<ol><li style=\"font-weight: 400;\" class=\"translation-block\">Es tr\u00e4gt zur Verbesserung der Beweglichkeit und Koordination bei. Es tr\u00e4gt also zur Verbesserung der Reaktionsf\u00e4higkeit und der Reflexe sowie der Koordination und des Gleichgewichts bei.<\/li><li style=\"font-weight: 400;\" class=\"translation-block\">Erh\u00f6ht die Kraft und den Muskeltonus: W\u00e4hrend des Spiels werden die Muskeln des gesamten K\u00f6rpers st\u00e4ndig beansprucht: die unteren Gliedma\u00dfen, die immer gebeugt und bereit sind zuzuschnappen, und die oberen Gliedma\u00dfen, die die Schl\u00e4gerschl\u00e4ge ausf\u00fchren m\u00fcssen.<\/li><li style=\"font-weight: 400;\" class=\"translation-block\">H\u00e4lt fit: Diese Sportart erm\u00f6glicht einen hohen Kalorienverbrauch, d. h. man kann bis zu 800 kcal pro Spiel verbrennen, was dazu beitr\u00e4gt, in Form zu bleiben.<\/li><li style=\"font-weight: 400;\" class=\"translation-block\">Er kann Spa\u00df machen und ist auch eine gesunde Gelegenheit, neue Freunde zu finden.<\/li><li style=\"font-weight: 400;\" class=\"translation-block\">Es kann das ganze Jahr \u00fcber ausge\u00fcbt werden, egal ob in einer Halle oder im Freien. Bei warmem Wetter ist es schwer, der Versuchung zu widerstehen, in der Sonne zu spielen und sich mit Vitamin D zu versorgen.<\/li><\/ol>\t\t\t\t\t\t\t\t<\/div>\n\t\t\t\t<\/div>\n\t\t\t\t\t<\/div>\n\t\t<\/div>\n\t\t\t\t\t<\/div>\n\t\t<\/section>\n\t\t\t\t<section class=\"elementor-section elementor-top-section elementor-element elementor-element-616b0f5 elementor-section-boxed elementor-section-height-default elementor-section-height-default\" data-id=\"616b0f5\" data-element_type=\"section\" data-e-type=\"section\">\n\t\t\t\t\t\t<div class=\"elementor-container elementor-column-gap-default\">\n\t\t\t\t\t<div class=\"elementor-column elementor-col-100 elementor-top-column elementor-element elementor-element-d6ddb5b\" data-id=\"d6ddb5b\" data-element_type=\"column\" data-e-type=\"column\">\n\t\t\t<div class=\"elementor-widget-wrap elementor-element-populated\">\n\t\t\t\t\t\t<div class=\"elementor-element elementor-element-10f73e2 elementor-widget elementor-widget-the-events-calendar-addon\" data-id=\"10f73e2\" data-element_type=\"widget\" data-e-type=\"widget\" data-widget_type=\"the-events-calendar-addon.default\">\n\t\t\t\t<div class=\"elementor-widget-container\">\n\t\t\t\t\t<!=========Events list Template 1.7.3=========><div id=\"ectbe-wrapper-10f73e2\" class=\"ectbe-wrapper ectbe-list-wrapper style-2\"><h3>There is no Event<\/h3><\/div>\t\t\t\t<\/div>\n\t\t\t\t<\/div>\n\t\t\t\t\t<\/div>\n\t\t<\/div>\n\t\t\t\t\t<\/div>\n\t\t<\/section>\n\t\t\t\t<section class=\"elementor-section elementor-top-section elementor-element elementor-element-50def6a elementor-section-content-middle elementor-section-boxed elementor-section-height-default elementor-section-height-default\" data-id=\"50def6a\" data-element_type=\"section\" data-e-type=\"section\" data-settings=\"{&quot;background_background&quot;:&quot;classic&quot;}\">\n\t\t\t\t\t\t\t<div class=\"elementor-background-overlay\"><\/div>\n\t\t\t\t\t\t\t<div class=\"elementor-container elementor-column-gap-default\">\n\t\t\t\t\t<div class=\"elementor-column elementor-col-50 elementor-top-column elementor-element elementor-element-3b8b584\" data-id=\"3b8b584\" data-element_type=\"column\" data-e-type=\"column\">\n\t\t\t<div class=\"elementor-widget-wrap elementor-element-populated\">\n\t\t\t\t\t\t<div class=\"elementor-element elementor-element-9a2ba5d elementor-headline--style-highlight elementor-widget elementor-widget-animated-headline\" data-id=\"9a2ba5d\" data-element_type=\"widget\" data-e-type=\"widget\" data-settings=\"{&quot;marker&quot;:&quot;underline&quot;,&quot;highlighted_text&quot;:&quot;Il nuovo sport a Merano.&quot;,&quot;headline_style&quot;:&quot;highlight&quot;,&quot;loop&quot;:&quot;yes&quot;,&quot;highlight_animation_duration&quot;:1200,&quot;highlight_iteration_delay&quot;:8000}\" data-widget_type=\"animated-headline.default\">\n\t\t\t\t<div class=\"elementor-widget-container\">\n\t\t\t\t\t\t\t<h3 class=\"elementor-headline\">\n\t\t\t\t\t<span class=\"elementor-headline-plain-text elementor-headline-text-wrapper\">Padel.<\/span>\n\t\t\t\t<span class=\"elementor-headline-dynamic-wrapper elementor-headline-text-wrapper\">\n\t\t\t\t\t<span class=\"elementor-headline-dynamic-text elementor-headline-text-active\">Der neue Sport in Meran<\/span>\n\t\t\t\t<\/span>\n\t\t\t\t<\/h3>\n\t\t\t\t\t\t<\/div>\n\t\t\t\t<\/div>\n\t\t\t\t\t<\/div>\n\t\t<\/div>\n\t\t\t\t<div class=\"elementor-column elementor-col-50 elementor-top-column elementor-element elementor-element-397188b\" data-id=\"397188b\" data-element_type=\"column\" data-e-type=\"column\">\n\t\t\t<div class=\"elementor-widget-wrap elementor-element-populated\">\n\t\t\t\t\t\t<div class=\"elementor-element elementor-element-e8824b7 elementor-align-right elementor-mobile-align-center elementor-widget elementor-widget-button\" data-id=\"e8824b7\" data-element_type=\"widget\" data-e-type=\"widget\" data-widget_type=\"button.default\">\n\t\t\t\t<div class=\"elementor-widget-container\">\n\t\t\t\t\t\t\t\t\t<div class=\"elementor-button-wrapper\">\n\t\t\t\t\t<a class=\"elementor-button elementor-button-link elementor-size-sm\" href=\"https:\/\/www.bvpsuedtirol.com\/de\/affiliazione_padel\/\">\n\t\t\t\t\t\t<span class=\"elementor-button-content-wrapper\">\n\t\t\t\t\t\t\t\t\t<span class=\"elementor-button-text\">Anmelden<\/span>\n\t\t\t\t\t<\/span>\n\t\t\t\t\t<\/a>\n\t\t\t\t<\/div>\n\t\t\t\t\t\t\t\t<\/div>\n\t\t\t\t<\/div>\n\t\t\t\t\t<\/div>\n\t\t<\/div>\n\t\t\t\t\t<\/div>\n\t\t<\/section>\n\t\t\t\t<\/div>","protected":false},"excerpt":{"rendered":"<p>padel padel Considerato lo sport con la pi\u00f9 alta percentuale di crescita di iscritti negli 20 ultimi anni, il Padel\u00a0\u00e8 un gioco [&hellip;]<\/p>\n","protected":false},"author":1,"featured_media":0,"parent":0,"menu_order":0,"comment_status":"closed","ping_status":"closed","template":"page-templates\/page_front-page.php","meta":{"footnotes":""},"class_list":["post-827","page","type-page","status-publish","hentry"],"_links":{"self":[{"href":"https:\/\/www.bvpsuedtirol.com\/de\/wp-json\/wp\/v2\/pages\/827","targetHints":{"allow":["GET"]}}],"collection":[{"href":"https:\/\/www.bvpsuedtirol.com\/de\/wp-json\/wp\/v2\/pages"}],"about":[{"href":"https:\/\/www.bvpsuedtirol.com\/de\/wp-json\/wp\/v2\/types\/page"}],"author":[{"embeddable":true,"href":"https:\/\/www.bvpsuedtirol.com\/de\/wp-json\/wp\/v2\/users\/1"}],"replies":[{"embeddable":true,"href":"https:\/\/www.bvpsuedtirol.com\/de\/wp-json\/wp\/v2\/comments?post=827"}],"version-history":[{"count":164,"href":"https:\/\/www.bvpsuedtirol.com\/de\/wp-json\/wp\/v2\/pages\/827\/revisions"}],"predecessor-version":[{"id":1811,"href":"https:\/\/www.bvpsuedtirol.com\/de\/wp-json\/wp\/v2\/pages\/827\/revisions\/1811"}],"wp:attachment":[{"href":"https:\/\/www.bvpsuedtirol.com\/de\/wp-json\/wp\/v2\/media?parent=827"}],"curies":[{"name":"wp","href":"https:\/\/api.w.org\/{rel}","templated":true}]}}